{"id":459,"date":"2019-03-10T22:09:38","date_gmt":"2019-03-10T22:09:38","guid":{"rendered":"http:\/\/www.bohatytata.cz\/?page_id=459"},"modified":"2021-08-15T09:05:44","modified_gmt":"2021-08-15T08:05:44","slug":"napiste-nam","status":"publish","type":"page","link":"https:\/\/www.bohatytata.cz\/index.php\/napiste-nam\/","title":{"rendered":"M\u00e1\u0161 dotaz? Chce\u0161 reklamu na webu?"},"content":{"rendered":"<p>Klikni&nbsp;<a href=\"mailto:info@bohatytata.cz\">ZDE<\/a> a po\u0161li mi mail \ud83d\ude42<\/p>\n<p><\/p>\n\n\n<figure class=\"wp-block-image\"><img decoding=\"async\" loading=\"lazy\" width=\"1024\" height=\"641\" src=\"https:\/\/www.bohatytata.cz\/wp-content\/uploads\/2019\/07\/Image-25-1024x641.jpg\" alt=\"\" class=\"wp-image-2524\" srcset=\"https:\/\/www.bohatytata.cz\/wp-content\/uploads\/2019\/07\/Image-25.jpg 1024w, https:\/\/www.bohatytata.cz\/wp-content\/uploads\/2019\/07\/Image-25-300x188.jpg 300w, https:\/\/www.bohatytata.cz\/wp-content\/uploads\/2019\/07\/Image-25-768x481.jpg 768w\" sizes=\"(max-width: 1024px) 100vw, 1024px\" \/><\/figure>\n\n\n\n<ul><li>mail : kamaspavel@seznam.cz<\/li><li>telefon: 739 631 627<\/li><li>Adresa: \u00davozn\u00ed 20, Ostrava 716 00<\/li><li>I\u010cO : 64592383<\/li><\/ul>\n","protected":false},"excerpt":{"rendered":"<p>Klikni&nbsp;ZDE a po\u0161li mi mail \ud83d\ude42 mail : kamaspavel@seznam.cz telefon: 739 631 627 Adresa: \u00davozn\u00ed 20, Ostrava 716 00 I\u010cO : 64592383<\/p>\n","protected":false},"author":1,"featured_media":0,"parent":0,"menu_order":0,"comment_status":"closed","ping_status":"closed","template":"","meta":{"footnotes":""},"yoast_head":"<!-- This site is optimized with the Yoast SEO plugin v22.6 - https:\/\/yoast.com\/wordpress\/plugins\/seo\/ -->\n<title>M\u00e1\u0161 dotaz? Chce\u0161 reklamu na webu? - Bohat\u00fd t\u00e1ta<\/title>\n<meta name=\"robots\" content=\"index, follow, max-snippet:-1, max-image-preview:large, max-video-preview:-1\" \/>\n<link rel=\"canonical\" href=\"https:\/\/www.bohatytata.cz\/index.php\/napiste-nam\/\" \/>\n<meta property=\"og:locale\" content=\"cs_CZ\" \/>\n<meta property=\"og:type\" content=\"article\" \/>\n<meta property=\"og:title\" content=\"M\u00e1\u0161 dotaz? Chce\u0161 reklamu na webu? - Bohat\u00fd t\u00e1ta\" \/>\n<meta property=\"og:description\" content=\"Klikni&nbsp;ZDE a po\u0161li mi mail \ud83d\ude42 mail : kamaspavel@seznam.cz telefon: 739 631 627 Adresa: \u00davozn\u00ed 20, Ostrava 716 00 I\u010cO : 64592383\" \/>\n<meta property=\"og:url\" content=\"https:\/\/www.bohatytata.cz\/index.php\/napiste-nam\/\" \/>\n<meta property=\"og:site_name\" content=\"Bohat\u00fd t\u00e1ta\" \/>\n<meta property=\"article:modified_time\" content=\"2021-08-15T08:05:44+00:00\" \/>\n<meta property=\"og:image\" content=\"https:\/\/www.bohatytata.cz\/wp-content\/uploads\/2019\/07\/Image-25-1024x641.jpg\" \/>\n<meta name=\"twitter:card\" content=\"summary_large_image\" \/>\n<meta name=\"twitter:label1\" content=\"Odhadovan\u00e1 doba \u010dten\u00ed\" \/>\n\t<meta name=\"twitter:data1\" content=\"1 minuta\" \/>\n<script type=\"application\/ld+json\" class=\"yoast-schema-graph\">{\"@context\":\"https:\/\/schema.org\",\"@graph\":[{\"@type\":\"WebPage\",\"@id\":\"https:\/\/www.bohatytata.cz\/index.php\/napiste-nam\/\",\"url\":\"https:\/\/www.bohatytata.cz\/index.php\/napiste-nam\/\",\"name\":\"M\u00e1\u0161 dotaz? Chce\u0161 reklamu na webu? - Bohat\u00fd t\u00e1ta\",\"isPartOf\":{\"@id\":\"https:\/\/www.bohatytata.cz\/#website\"},\"primaryImageOfPage\":{\"@id\":\"https:\/\/www.bohatytata.cz\/index.php\/napiste-nam\/#primaryimage\"},\"image\":{\"@id\":\"https:\/\/www.bohatytata.cz\/index.php\/napiste-nam\/#primaryimage\"},\"thumbnailUrl\":\"https:\/\/www.bohatytata.cz\/wp-content\/uploads\/2019\/07\/Image-25-1024x641.jpg\",\"datePublished\":\"2019-03-10T22:09:38+00:00\",\"dateModified\":\"2021-08-15T08:05:44+00:00\",\"breadcrumb\":{\"@id\":\"https:\/\/www.bohatytata.cz\/index.php\/napiste-nam\/#breadcrumb\"},\"inLanguage\":\"cs\",\"potentialAction\":[{\"@type\":\"ReadAction\",\"target\":[\"https:\/\/www.bohatytata.cz\/index.php\/napiste-nam\/\"]}]},{\"@type\":\"ImageObject\",\"inLanguage\":\"cs\",\"@id\":\"https:\/\/www.bohatytata.cz\/index.php\/napiste-nam\/#primaryimage\",\"url\":\"https:\/\/www.bohatytata.cz\/wp-content\/uploads\/2019\/07\/Image-25.jpg\",\"contentUrl\":\"https:\/\/www.bohatytata.cz\/wp-content\/uploads\/2019\/07\/Image-25.jpg\",\"width\":1024,\"height\":641},{\"@type\":\"BreadcrumbList\",\"@id\":\"https:\/\/www.bohatytata.cz\/index.php\/napiste-nam\/#breadcrumb\",\"itemListElement\":[{\"@type\":\"ListItem\",\"position\":1,\"name\":\"Dom\u016f\",\"item\":\"https:\/\/www.bohatytata.cz\/\"},{\"@type\":\"ListItem\",\"position\":2,\"name\":\"M\u00e1\u0161 dotaz? Chce\u0161 reklamu na webu?\"}]},{\"@type\":\"WebSite\",\"@id\":\"https:\/\/www.bohatytata.cz\/#website\",\"url\":\"https:\/\/www.bohatytata.cz\/\",\"name\":\"Bohat\u00fd t\u00e1ta\",\"description\":\"Cestov\u00e1n\u00ed, investice, \u017eivotn\u00ed styl\",\"potentialAction\":[{\"@type\":\"SearchAction\",\"target\":{\"@type\":\"EntryPoint\",\"urlTemplate\":\"https:\/\/www.bohatytata.cz\/?s={search_term_string}\"},\"query-input\":\"required name=search_term_string\"}],\"inLanguage\":\"cs\"}]}<\/script>\n<!-- \/ Yoast SEO plugin. -->","yoast_head_json":{"title":"M\u00e1\u0161 dotaz? Chce\u0161 reklamu na webu? - Bohat\u00fd t\u00e1ta","robots":{"index":"index","follow":"follow","max-snippet":"max-snippet:-1","max-image-preview":"max-image-preview:large","max-video-preview":"max-video-preview:-1"},"canonical":"https:\/\/www.bohatytata.cz\/index.php\/napiste-nam\/","og_locale":"cs_CZ","og_type":"article","og_title":"M\u00e1\u0161 dotaz? Chce\u0161 reklamu na webu? - Bohat\u00fd t\u00e1ta","og_description":"Klikni&nbsp;ZDE a po\u0161li mi mail \ud83d\ude42 mail : kamaspavel@seznam.cz telefon: 739 631 627 Adresa: \u00davozn\u00ed 20, Ostrava 716 00 I\u010cO : 64592383","og_url":"https:\/\/www.bohatytata.cz\/index.php\/napiste-nam\/","og_site_name":"Bohat\u00fd t\u00e1ta","article_modified_time":"2021-08-15T08:05:44+00:00","og_image":[{"url":"https:\/\/www.bohatytata.cz\/wp-content\/uploads\/2019\/07\/Image-25-1024x641.jpg"}],"twitter_card":"summary_large_image","twitter_misc":{"Odhadovan\u00e1 doba \u010dten\u00ed":"1 minuta"},"schema":{"@context":"https:\/\/schema.org","@graph":[{"@type":"WebPage","@id":"https:\/\/www.bohatytata.cz\/index.php\/napiste-nam\/","url":"https:\/\/www.bohatytata.cz\/index.php\/napiste-nam\/","name":"M\u00e1\u0161 dotaz? Chce\u0161 reklamu na webu? - Bohat\u00fd t\u00e1ta","isPartOf":{"@id":"https:\/\/www.bohatytata.cz\/#website"},"primaryImageOfPage":{"@id":"https:\/\/www.bohatytata.cz\/index.php\/napiste-nam\/#primaryimage"},"image":{"@id":"https:\/\/www.bohatytata.cz\/index.php\/napiste-nam\/#primaryimage"},"thumbnailUrl":"https:\/\/www.bohatytata.cz\/wp-content\/uploads\/2019\/07\/Image-25-1024x641.jpg","datePublished":"2019-03-10T22:09:38+00:00","dateModified":"2021-08-15T08:05:44+00:00","breadcrumb":{"@id":"https:\/\/www.bohatytata.cz\/index.php\/napiste-nam\/#breadcrumb"},"inLanguage":"cs","potentialAction":[{"@type":"ReadAction","target":["https:\/\/www.bohatytata.cz\/index.php\/napiste-nam\/"]}]},{"@type":"ImageObject","inLanguage":"cs","@id":"https:\/\/www.bohatytata.cz\/index.php\/napiste-nam\/#primaryimage","url":"https:\/\/www.bohatytata.cz\/wp-content\/uploads\/2019\/07\/Image-25.jpg","contentUrl":"https:\/\/www.bohatytata.cz\/wp-content\/uploads\/2019\/07\/Image-25.jpg","width":1024,"height":641},{"@type":"BreadcrumbList","@id":"https:\/\/www.bohatytata.cz\/index.php\/napiste-nam\/#breadcrumb","itemListElement":[{"@type":"ListItem","position":1,"name":"Dom\u016f","item":"https:\/\/www.bohatytata.cz\/"},{"@type":"ListItem","position":2,"name":"M\u00e1\u0161 dotaz? Chce\u0161 reklamu na webu?"}]},{"@type":"WebSite","@id":"https:\/\/www.bohatytata.cz\/#website","url":"https:\/\/www.bohatytata.cz\/","name":"Bohat\u00fd t\u00e1ta","description":"Cestov\u00e1n\u00ed, investice, \u017eivotn\u00ed styl","potentialAction":[{"@type":"SearchAction","target":{"@type":"EntryPoint","urlTemplate":"https:\/\/www.bohatytata.cz\/?s={search_term_string}"},"query-input":"required name=search_term_string"}],"inLanguage":"cs"}]}},"_links":{"self":[{"href":"https:\/\/www.bohatytata.cz\/index.php\/wp-json\/wp\/v2\/pages\/459"}],"collection":[{"href":"https:\/\/www.bohatytata.cz\/index.php\/wp-json\/wp\/v2\/pages"}],"about":[{"href":"https:\/\/www.bohatytata.cz\/index.php\/wp-json\/wp\/v2\/types\/page"}],"author":[{"embeddable":true,"href":"https:\/\/www.bohatytata.cz\/index.php\/wp-json\/wp\/v2\/users\/1"}],"replies":[{"embeddable":true,"href":"https:\/\/www.bohatytata.cz\/index.php\/wp-json\/wp\/v2\/comments?post=459"}],"version-history":[{"count":19,"href":"https:\/\/www.bohatytata.cz\/index.php\/wp-json\/wp\/v2\/pages\/459\/revisions"}],"predecessor-version":[{"id":4313,"href":"https:\/\/www.bohatytata.cz\/index.php\/wp-json\/wp\/v2\/pages\/459\/revisions\/4313"}],"wp:attachment":[{"href":"https:\/\/www.bohatytata.cz\/index.php\/wp-json\/wp\/v2\/media?parent=459"}],"curies":[{"name":"wp","href":"https:\/\/api.w.org\/{rel}","templated":true}]}}